{"id":42351,"date":"2026-05-04T22:11:45","date_gmt":"2026-05-04T22:11:45","guid":{"rendered":"https:\/\/e-sistem.ro\/?product=piese-ciclism-ghidolina-silva-forello-verde-cvn107"},"modified":"2026-05-04T22:11:48","modified_gmt":"2026-05-04T22:11:48","slug":"piese-ciclism-ghidolina-silva-forello-verde-cvn107","status":"publish","type":"product","link":"https:\/\/e-sistem.ro\/?product=piese-ciclism-ghidolina-silva-forello-verde-cvn107","title":{"rendered":"GHIDOLINA SILVA FORELLO VERDE"},"content":{"rendered":"<p>Cel mai bine v\u00e2ndut produs al gamei de ghidoline de la Silva. Banda are aspect de plut\u0103 perforat\u0103 \u0219i este un accesoriu \u201dmust-have\u201d pentru biciclete. Ghidolina pentru biciclete Silva Forello este perfect\u0103 pentru orice biciclet\u0103 de \u0219osea. Se poate monta pe orice ghidon de \u0219osea ( tip dropbar &#8211; normal, de pist\u0103 sau anatomic), dar \u0219i pe ghidoane de tip \u201dbullhorn\u201d. Gra\u021bie materialelor folosite, elasticitatea se \u00eembin\u0103 perfect cu durabilitatea, iar montarea se face extem de simplu si ferm.<br \/>\n-Band\u0103 de ghidon de \u00eenalt\u0103 calitate, cu g\u0103uri pentru un flux optim al aerrului<br \/>\n-Aderen\u021b\u0103 sporit\u0103<br \/>\n-Montare ferm\u0103 datorit\u0103 propriet\u0103\u021bilor<br \/>\n-Include 2 role, 2 dopuri de ghidon \u0219i dou\u0103 benzi adezive de<br \/>\n-Suprafa\u021b\u0103 interioar\u0103 PU pentru reducerea presiunii \u0219i a<br \/>\n-Fabricat in Italia<br \/>\n-Dimensiune: 1850mm x 30mm<\/p>\n","protected":false},"excerpt":{"rendered":"<p>Cel mai bine v\u00e2ndut produs al gamei de ghidoline de la Silva. Banda are aspect de plut\u0103 perforat\u0103 \u0219i este un accesoriu \u201dmust-have\u201d pentru biciclete. Ghidolina pentru biciclete Silva Forello este perfect\u0103 pentru orice biciclet\u0103 de \u0219osea. Se poate monta pe orice ghidon de \u0219osea ( tip dropbar &#8211; normal, de pist\u0103 sau anatomic), dar [&hellip;]<\/p>\n","protected":false},"featured_media":42352,"template":"","meta":[],"product_brand":[],"product_cat":[66],"product_tag":[],"class_list":{"0":"post-42351","1":"product","2":"type-product","3":"status-publish","4":"has-post-thumbnail","6":"product_cat-piese-ciclism","8":"first","9":"instock","10":"taxable","11":"shipping-taxable","12":"purchasable","13":"product-type-simple"},"_links":{"self":[{"href":"https:\/\/e-sistem.ro\/index.php?rest_route=\/wp\/v2\/product\/42351","targetHints":{"allow":["GET"]}}],"collection":[{"href":"https:\/\/e-sistem.ro\/index.php?rest_route=\/wp\/v2\/product"}],"about":[{"href":"https:\/\/e-sistem.ro\/index.php?rest_route=\/wp\/v2\/types\/product"}],"wp:featuredmedia":[{"embeddable":true,"href":"https:\/\/e-sistem.ro\/index.php?rest_route=\/wp\/v2\/media\/42352"}],"wp:attachment":[{"href":"https:\/\/e-sistem.ro\/index.php?rest_route=%2Fwp%2Fv2%2Fmedia&parent=42351"}],"wp:term":[{"taxonomy":"product_brand","embeddable":true,"href":"https:\/\/e-sistem.ro\/index.php?rest_route=%2Fwp%2Fv2%2Fproduct_brand&post=42351"},{"taxonomy":"product_cat","embeddable":true,"href":"https:\/\/e-sistem.ro\/index.php?rest_route=%2Fwp%2Fv2%2Fproduct_cat&post=42351"},{"taxonomy":"product_tag","embeddable":true,"href":"https:\/\/e-sistem.ro\/index.php?rest_route=%2Fwp%2Fv2%2Fproduct_tag&post=42351"}],"curies":[{"name":"wp","href":"https:\/\/api.w.org\/{rel}","templated":true}]}}